{"id":440,"date":"2025-03-12T15:46:03","date_gmt":"2025-03-12T14:46:03","guid":{"rendered":"https:\/\/www.efi-avocats.fr\/?page_id=440"},"modified":"2025-03-12T16:48:29","modified_gmt":"2025-03-12T15:48:29","slug":"mentions-legales","status":"publish","type":"page","link":"https:\/\/www.efi-avocats.fr\/index.php\/mentions-legales\/","title":{"rendered":"MENTIONS L\u00e9gales"},"content":{"rendered":"\t\t<div data-elementor-type=\"wp-page\" data-elementor-id=\"440\" class=\"elementor elementor-440\" data-elementor-post-type=\"page\">\n\t\t\t\t<div class=\"elementor-element elementor-element-2ad11d8 e-flex e-con-boxed e-con e-parent\" data-id=\"2ad11d8\" data-element_type=\"container\" data-settings=\"{&quot;background_background&quot;:&quot;classic&quot;}\">\n\t\t\t\t\t<div class=\"e-con-inner\">\n\t\t\t\t<div class=\"elementor-element elementor-element-27f33d8 elementor-widget elementor-widget-heading\" data-id=\"27f33d8\" data-element_type=\"widget\" data-widget_type=\"heading.default\">\n\t\t\t\t<div class=\"elementor-widget-container\">\n\t\t\t<style>\/*! elementor - v3.23.0 - 15-07-2024 *\/\n.elementor-heading-title{padding:0;margin:0;line-height:1}.elementor-widget-heading .elementor-heading-title[class*=elementor-size-]>a{color:inherit;font-size:inherit;line-height:inherit}.elementor-widget-heading .elementor-heading-title.elementor-size-small{font-size:15px}.elementor-widget-heading .elementor-heading-title.elementor-size-medium{font-size:19px}.elementor-widget-heading .elementor-heading-title.elementor-size-large{font-size:29px}.elementor-widget-heading .elementor-heading-title.elementor-size-xl{font-size:39px}.elementor-widget-heading .elementor-heading-title.elementor-size-xxl{font-size:59px}<\/style><h2 class=\"elementor-heading-title elementor-size-default\">MENTIONS L\u00e9gales<\/h2>\t\t<\/div>\n\t\t\t\t<\/div>\n\t\t\t\t\t<\/div>\n\t\t\t\t<\/div>\n\t\t<div class=\"elementor-element elementor-element-440500a e-flex e-con-boxed e-con e-parent\" data-id=\"440500a\" data-element_type=\"container\">\n\t\t\t\t\t<div class=\"e-con-inner\">\n\t\t\t\t<div class=\"elementor-element elementor-element-3322734 elementor-widget elementor-widget-text-editor\" data-id=\"3322734\" data-element_type=\"widget\" data-widget_type=\"text-editor.default\">\n\t\t\t\t<div class=\"elementor-widget-container\">\n\t\t\t<style>\/*! elementor - v3.23.0 - 15-07-2024 *\/\n.elementor-widget-text-editor.elementor-drop-cap-view-stacked .elementor-drop-cap{background-color:#69727d;color:#fff}.elementor-widget-text-editor.elementor-drop-cap-view-framed .elementor-drop-cap{color:#69727d;border:3px solid;background-color:transparent}.elementor-widget-text-editor:not(.elementor-drop-cap-view-default) .elementor-drop-cap{margin-top:8px}.elementor-widget-text-editor:not(.elementor-drop-cap-view-default) .elementor-drop-cap-letter{width:1em;height:1em}.elementor-widget-text-editor .elementor-drop-cap{float:left;text-align:center;line-height:1;font-size:50px}.elementor-widget-text-editor .elementor-drop-cap-letter{display:inline-block}<\/style>\t\t\t\t<p>Le pr\u00e9sent site <a href=\"https:\/\/www.efi-avocats.fr\/index.php\/accueil\/\">www.www.efi-avocats.fr<\/a> est la propri\u00e9t\u00e9 de la AARPI INTER-BARREAUX EFI AVOCATS.<\/p><p><strong>H\u00e9bergement<\/strong> : OVH<\/p><div class=\"otds-text\"><p>SAS au capital de 50 000 000 \u20ac<\/p><p>RCS Lille M\u00e9tropole 424 761 419 00045<br \/>Code APE 2620Z<br \/>N\u00b0 TVA : FR 22 424 761 419<br \/>Si\u00e8ge social : 2 rue Kellermann &#8211; 59100 Roubaix &#8211; France<\/p><p><strong>Cr\u00e9ation du site<\/strong> : <a href=\"https:\/\/asacommunication.fr\/\">ASA Communication<\/a> &#8211; Anne-Sophie Anduze<\/p><p><strong>Cr\u00e9dits photos<\/strong> : <a href=\"https:\/\/auscii.com\/nos-services\/shooting-photo-video\/\">J\u00e9rome Narbonne<\/a>, Adobe Stock\u00a0<a href=\"https:\/\/stock.adobe.com\/fr\/contributor\/131546\/radharamana?load_type=author&amp;prev_url=detail\">radharamana<\/a><\/p><\/div><p>Le contenu \u00e9ditorial, textes, images anim\u00e9es ou non composant ce site Web, sont la propri\u00e9t\u00e9 de la AARPI INTER-BARREAUX EFI AVOCATS. Toute reproduction totale ou partielle de ce site est interdite sans autorisation expresse et pr\u00e9alable de la soci\u00e9t\u00e9. Cette repr\u00e9sentation ou reproduction, par quelque proc\u00e9d\u00e9 que ce soit, constitue une contrefa\u00e7on sanctionn\u00e9e par les articles L.3335-2 et suivants du Code de la propri\u00e9t\u00e9 intellectuelle.<\/p><p>Les informations de ce site sont non contractuelles et peuvent contenir des inexactitudes techniques ou des erreurs typographiques. Ces informations peuvent \u00eatre p\u00e9riodiquement modifi\u00e9es et les modifications seront incorpor\u00e9es dans les nouvelles \u00e9ditions. La AARPI INTER-BARREAUX EFI AVOCATS peut, \u00e0 tout moment, sans pr\u00e9avis, apporter des am\u00e9liorations ou des changements aux produits, aux programmes ou aux services d\u00e9crits sur ce site.<br \/>En conformit\u00e9 avec l&rsquo;article 43 de la loi n\u00b086-1067 du 30 Septembre 1986, il est indiqu\u00e9 que : le directeur de la publication du site est Maitre C\u00e9dric Darrous.<\/p><p>Vous disposez d&rsquo;un droit d&rsquo;acc\u00e8s, de modification, de rectification et de suppression des donn\u00e9es nominatives qui vous concernent. Vous pouvez exercer ce droit en vous adressant \u00e0 :<\/p><p>AARPI INTER-BARREAUX EFI AVOCATS<br \/>9, rue Anselme &#8211; 32600 L&rsquo;Isle Jourdain<br \/>T\u00e9l 05 62 62 65 65<br \/><a href=\"mailto:darrous@www.efi-avocats.fr\" target=\"_blank\" rel=\"noopener\">darrous@www.efi-avocats.fr<\/a><\/p><p>Enfin, les liens hypertextes mis en place dans le cadre du pr\u00e9sent site web en direction d&rsquo;autres ressources pr\u00e9sentes sur le r\u00e9seau Internet ne sauraient engager la responsabilit\u00e9 de la AARPI INTER-BARREAUX EFI AVOCATS.<\/p>\t\t\t\t\t\t<\/div>\n\t\t\t\t<\/div>\n\t\t\t\t\t<\/div>\n\t\t\t\t<\/div>\n\t\t\t\t<\/div>\n\t\t","protected":false},"excerpt":{"rendered":"<p>MENTIONS L\u00e9gales Le pr\u00e9sent site www.www.efi-avocats.fr est la propri\u00e9t\u00e9 de la AARPI INTER-BARREAUX EFI AVOCATS. H\u00e9bergement : OVH SAS au [&hellip;]<\/p>\n","protected":false},"author":1,"featured_media":0,"parent":0,"menu_order":0,"comment_status":"closed","ping_status":"closed","template":"","meta":{"site-sidebar-layout":"no-sidebar","site-content-layout":"","ast-site-content-layout":"full-width-container","site-content-style":"default","site-sidebar-style":"default","ast-global-header-display":"","ast-banner-title-visibility":"","ast-main-header-display":"","ast-hfb-above-header-display":"","ast-hfb-below-header-display":"","ast-hfb-mobile-header-display":"","site-post-title":"disabled","ast-breadcrumbs-content":"","ast-featured-img":"disabled","footer-sml-layout":"","theme-transparent-header-meta":"","adv-header-id-meta":"","stick-header-meta":"","header-above-stick-meta":"","header-main-stick-meta":"","header-below-stick-meta":"","astra-migrate-meta-layouts":"default","ast-page-background-enabled":"default","ast-page-background-meta":{"desktop":{"background-color":"var(--ast-global-color-4)","background-image":"","background-repeat":"repeat","background-position":"center center","background-size":"auto","background-attachment":"scroll","background-type":"","background-media":"","overlay-type":"","overlay-color":"","overlay-opacity":"","overlay-gradient":""},"tablet":{"background-color":"","background-image":"","background-repeat":"repeat","background-position":"center center","background-size":"auto","background-attachment":"scroll","background-type":"","background-media":"","overlay-type":"","overlay-color":"","overlay-opacity":"","overlay-gradient":""},"mobile":{"background-color":"","background-image":"","background-repeat":"repeat","background-position":"center center","background-size":"auto","background-attachment":"scroll","background-type":"","background-media":"","overlay-type":"","overlay-color":"","overlay-opacity":"","overlay-gradient":""}},"ast-content-background-meta":{"desktop":{"background-color":"var(--ast-global-color-5)","background-image":"","background-repeat":"repeat","background-position":"center center","background-size":"auto","background-attachment":"scroll","background-type":"","background-media":"","overlay-type":"","overlay-color":"","overlay-opacity":"","overlay-gradient":""},"tablet":{"background-color":"var(--ast-global-color-5)","background-image":"","background-repeat":"repeat","background-position":"center center","background-size":"auto","background-attachment":"scroll","background-type":"","background-media":"","overlay-type":"","overlay-color":"","overlay-opacity":"","overlay-gradient":""},"mobile":{"background-color":"var(--ast-global-color-5)","background-image":"","background-repeat":"repeat","background-position":"center center","background-size":"auto","background-attachment":"scroll","background-type":"","background-media":"","overlay-type":"","overlay-color":"","overlay-opacity":"","overlay-gradient":""}},"footnotes":""},"class_list":["post-440","page","type-page","status-publish","hentry"],"yoast_head":"<!-- This site is optimized with the Yoast SEO plugin v26.5 - https:\/\/yoast.com\/wordpress\/plugins\/seo\/ -->\n<title>MENTIONS L\u00e9gales - EFI Avocats<\/title>\n<meta name=\"robots\" content=\"index, follow, max-snippet:-1, max-image-preview:large, max-video-preview:-1\" \/>\n<link rel=\"canonical\" href=\"https:\/\/www.efi-avocats.fr\/index.php\/mentions-legales\/\" \/>\n<meta property=\"og:locale\" content=\"fr_FR\" \/>\n<meta property=\"og:type\" content=\"article\" \/>\n<meta property=\"og:title\" content=\"MENTIONS L\u00e9gales - EFI Avocats\" \/>\n<meta property=\"og:description\" content=\"MENTIONS L\u00e9gales Le pr\u00e9sent site www.www.efi-avocats.fr est la propri\u00e9t\u00e9 de la AARPI INTER-BARREAUX EFI AVOCATS. H\u00e9bergement : OVH SAS au [&hellip;]\" \/>\n<meta property=\"og:url\" content=\"https:\/\/www.efi-avocats.fr\/index.php\/mentions-legales\/\" \/>\n<meta property=\"og:site_name\" content=\"EFI Avocats\" \/>\n<meta property=\"article:modified_time\" content=\"2025-03-12T15:48:29+00:00\" \/>\n<meta name=\"twitter:card\" content=\"summary_large_image\" \/>\n<meta name=\"twitter:label1\" content=\"Dur\u00e9e de lecture estim\u00e9e\" \/>\n\t<meta name=\"twitter:data1\" content=\"2 minutes\" \/>\n<script type=\"application\/ld+json\" class=\"yoast-schema-graph\">{\"@context\":\"https:\/\/schema.org\",\"@graph\":[{\"@type\":\"WebPage\",\"@id\":\"https:\/\/www.efi-avocats.fr\/index.php\/mentions-legales\/\",\"url\":\"https:\/\/www.efi-avocats.fr\/index.php\/mentions-legales\/\",\"name\":\"MENTIONS L\u00e9gales - EFI Avocats\",\"isPartOf\":{\"@id\":\"https:\/\/www.efi-avocats.fr\/#website\"},\"datePublished\":\"2025-03-12T14:46:03+00:00\",\"dateModified\":\"2025-03-12T15:48:29+00:00\",\"breadcrumb\":{\"@id\":\"https:\/\/www.efi-avocats.fr\/index.php\/mentions-legales\/#breadcrumb\"},\"inLanguage\":\"fr-FR\",\"potentialAction\":[{\"@type\":\"ReadAction\",\"target\":[\"https:\/\/www.efi-avocats.fr\/index.php\/mentions-legales\/\"]}]},{\"@type\":\"BreadcrumbList\",\"@id\":\"https:\/\/www.efi-avocats.fr\/index.php\/mentions-legales\/#breadcrumb\",\"itemListElement\":[{\"@type\":\"ListItem\",\"position\":1,\"name\":\"Accueil\",\"item\":\"https:\/\/www.efi-avocats.fr\/\"},{\"@type\":\"ListItem\",\"position\":2,\"name\":\"MENTIONS L\u00e9gales\"}]},{\"@type\":\"WebSite\",\"@id\":\"https:\/\/www.efi-avocats.fr\/#website\",\"url\":\"https:\/\/www.efi-avocats.fr\/\",\"name\":\"EFI Avocats\",\"description\":\"Cabinet d&#039;avocats associ\u00e9s dans le Gers\",\"publisher\":{\"@id\":\"https:\/\/www.efi-avocats.fr\/#organization\"},\"potentialAction\":[{\"@type\":\"SearchAction\",\"target\":{\"@type\":\"EntryPoint\",\"urlTemplate\":\"https:\/\/www.efi-avocats.fr\/?s={search_term_string}\"},\"query-input\":{\"@type\":\"PropertyValueSpecification\",\"valueRequired\":true,\"valueName\":\"search_term_string\"}}],\"inLanguage\":\"fr-FR\"},{\"@type\":\"Organization\",\"@id\":\"https:\/\/www.efi-avocats.fr\/#organization\",\"name\":\"EFI Avocats\",\"url\":\"https:\/\/www.efi-avocats.fr\/\",\"logo\":{\"@type\":\"ImageObject\",\"inLanguage\":\"fr-FR\",\"@id\":\"https:\/\/www.efi-avocats.fr\/#\/schema\/logo\/image\/\",\"url\":\"https:\/\/www.efi-avocats.fr\/wp-content\/uploads\/2024\/07\/LOGO-DEF.png\",\"contentUrl\":\"https:\/\/www.efi-avocats.fr\/wp-content\/uploads\/2024\/07\/LOGO-DEF.png\",\"width\":2354,\"height\":816,\"caption\":\"EFI Avocats\"},\"image\":{\"@id\":\"https:\/\/www.efi-avocats.fr\/#\/schema\/logo\/image\/\"}}]}<\/script>\n<!-- \/ Yoast SEO plugin. -->","yoast_head_json":{"title":"MENTIONS L\u00e9gales - EFI Avocats","robots":{"index":"index","follow":"follow","max-snippet":"max-snippet:-1","max-image-preview":"max-image-preview:large","max-video-preview":"max-video-preview:-1"},"canonical":"https:\/\/www.efi-avocats.fr\/index.php\/mentions-legales\/","og_locale":"fr_FR","og_type":"article","og_title":"MENTIONS L\u00e9gales - EFI Avocats","og_description":"MENTIONS L\u00e9gales Le pr\u00e9sent site www.www.efi-avocats.fr est la propri\u00e9t\u00e9 de la AARPI INTER-BARREAUX EFI AVOCATS. H\u00e9bergement : OVH SAS au [&hellip;]","og_url":"https:\/\/www.efi-avocats.fr\/index.php\/mentions-legales\/","og_site_name":"EFI Avocats","article_modified_time":"2025-03-12T15:48:29+00:00","twitter_card":"summary_large_image","twitter_misc":{"Dur\u00e9e de lecture estim\u00e9e":"2 minutes"},"schema":{"@context":"https:\/\/schema.org","@graph":[{"@type":"WebPage","@id":"https:\/\/www.efi-avocats.fr\/index.php\/mentions-legales\/","url":"https:\/\/www.efi-avocats.fr\/index.php\/mentions-legales\/","name":"MENTIONS L\u00e9gales - EFI Avocats","isPartOf":{"@id":"https:\/\/www.efi-avocats.fr\/#website"},"datePublished":"2025-03-12T14:46:03+00:00","dateModified":"2025-03-12T15:48:29+00:00","breadcrumb":{"@id":"https:\/\/www.efi-avocats.fr\/index.php\/mentions-legales\/#breadcrumb"},"inLanguage":"fr-FR","potentialAction":[{"@type":"ReadAction","target":["https:\/\/www.efi-avocats.fr\/index.php\/mentions-legales\/"]}]},{"@type":"BreadcrumbList","@id":"https:\/\/www.efi-avocats.fr\/index.php\/mentions-legales\/#breadcrumb","itemListElement":[{"@type":"ListItem","position":1,"name":"Accueil","item":"https:\/\/www.efi-avocats.fr\/"},{"@type":"ListItem","position":2,"name":"MENTIONS L\u00e9gales"}]},{"@type":"WebSite","@id":"https:\/\/www.efi-avocats.fr\/#website","url":"https:\/\/www.efi-avocats.fr\/","name":"EFI Avocats","description":"Cabinet d&#039;avocats associ\u00e9s dans le Gers","publisher":{"@id":"https:\/\/www.efi-avocats.fr\/#organization"},"potentialAction":[{"@type":"SearchAction","target":{"@type":"EntryPoint","urlTemplate":"https:\/\/www.efi-avocats.fr\/?s={search_term_string}"},"query-input":{"@type":"PropertyValueSpecification","valueRequired":true,"valueName":"search_term_string"}}],"inLanguage":"fr-FR"},{"@type":"Organization","@id":"https:\/\/www.efi-avocats.fr\/#organization","name":"EFI Avocats","url":"https:\/\/www.efi-avocats.fr\/","logo":{"@type":"ImageObject","inLanguage":"fr-FR","@id":"https:\/\/www.efi-avocats.fr\/#\/schema\/logo\/image\/","url":"https:\/\/www.efi-avocats.fr\/wp-content\/uploads\/2024\/07\/LOGO-DEF.png","contentUrl":"https:\/\/www.efi-avocats.fr\/wp-content\/uploads\/2024\/07\/LOGO-DEF.png","width":2354,"height":816,"caption":"EFI Avocats"},"image":{"@id":"https:\/\/www.efi-avocats.fr\/#\/schema\/logo\/image\/"}}]}},"_links":{"self":[{"href":"https:\/\/www.efi-avocats.fr\/index.php\/wp-json\/wp\/v2\/pages\/440","targetHints":{"allow":["GET"]}}],"collection":[{"href":"https:\/\/www.efi-avocats.fr\/index.php\/wp-json\/wp\/v2\/pages"}],"about":[{"href":"https:\/\/www.efi-avocats.fr\/index.php\/wp-json\/wp\/v2\/types\/page"}],"author":[{"embeddable":true,"href":"https:\/\/www.efi-avocats.fr\/index.php\/wp-json\/wp\/v2\/users\/1"}],"replies":[{"embeddable":true,"href":"https:\/\/www.efi-avocats.fr\/index.php\/wp-json\/wp\/v2\/comments?post=440"}],"version-history":[{"count":19,"href":"https:\/\/www.efi-avocats.fr\/index.php\/wp-json\/wp\/v2\/pages\/440\/revisions"}],"predecessor-version":[{"id":504,"href":"https:\/\/www.efi-avocats.fr\/index.php\/wp-json\/wp\/v2\/pages\/440\/revisions\/504"}],"wp:attachment":[{"href":"https:\/\/www.efi-avocats.fr\/index.php\/wp-json\/wp\/v2\/media?parent=440"}],"curies":[{"name":"wp","href":"https:\/\/api.w.org\/{rel}","templated":true}]}}